{"id":804,"date":"2018-11-17T18:48:06","date_gmt":"2018-11-17T18:48:06","guid":{"rendered":"https:\/\/quattro.true-emotions.studio\/?page_id=804"},"modified":"2026-04-24T10:35:03","modified_gmt":"2026-04-24T10:35:03","slug":"about-us","status":"publish","type":"page","link":"https:\/\/auto-deutchland.com\/de\/about-us\/","title":{"rendered":"A propos de nos services"},"content":{"rendered":"<div class=\"wpb-content-wrapper\"><div data-vc-full-width=\"true\" data-vc-full-width-init=\"false\" class=\"vc_row wpb_row vc_row-fluid pix-padding-top-xl pix-padding-bottom-xl default\"><div class=\"wpb_column vc_column_container vc_col-sm-4\"><div class=\"vc_column-inner vc_custom_1545421955499\" ><div class=\"wpb_wrapper\"><div class=\"pix-square pix-has-border pix_shadow_2044192109 vc_custom_1777023934180 \" >\r\n\t\t<div class=\"pix-ibox-top pix-text-center\">\r\n            <div class=\"pix-overlay pix-main-color\"><\/div>\r\n            <div class=\"pix-block-content\">\r\n                <div class=\"transparent pix-icon-l pix-icon-color pix-icon-hover\"><div class=\"icon\"><a href=\"https:\/\/auto-deutchland.com\/contactez-nous\/\"><img decoding=\"async\" src=\"https:\/\/auto-deutchland.com\/wp-content\/uploads\/2018\/11\/diamond-3.svg\" alt=\"Service sous garantie\"><\/a><\/div><\/div>\r\n                <div class=\"\">\r\n                    <h3>Service sous garantie<\/h3>\r\n                    <p>B\u00e9n\u00e9ficiez d\u2019un service apr\u00e8s-vente fiable avec une prise en charge compl\u00e8te sous garantie, pour rouler l\u2019esprit tranquille et en toute s\u00e9curit\u00e9.<\/p>\r\n                    <a href=\"https:\/\/auto-deutchland.com\/contactez-nous\/\" class=\"pix-button\">Poser une question<\/a>\r\n                <\/div>\r\n\t\t\t<\/div>\r\n\t\t<\/div>\r\n\t\t<\/div><\/div><\/div><\/div><div class=\"wpb_column vc_column_container vc_col-sm-4\"><div class=\"vc_column-inner vc_custom_1545421967508\" ><div class=\"wpb_wrapper\"><div class=\"pix-square pix-has-border pix_shadow_467192876 vc_custom_1777023905853 \" >\r\n\t\t<div class=\"pix-ibox-top pix-text-center\">\r\n            <div class=\"pix-overlay pix-main-color\"><\/div>\r\n            <div class=\"pix-block-content\">\r\n                <div class=\"transparent pix-icon-l pix-icon-color pix-icon-hover\"><div class=\"icon\"><a href=\"https:\/\/auto-deutchland.com\/contactez-nous\/\"><img decoding=\"async\" src=\"https:\/\/auto-deutchland.com\/wp-content\/uploads\/2018\/11\/24-hours-2.svg\" alt=\"Bonnes pratiques\"><\/a><\/div><\/div>\r\n                <div class=\"\">\r\n                    <h3>Bonnes pratiques<\/h3>\r\n                    <p>Nous appliquons des standards rigoureux et des m\u00e9thodes \u00e9prouv\u00e9es pour garantir la qualit\u00e9, la s\u00e9curit\u00e9 et la durabilit\u00e9 de chaque v\u00e9hicule.<\/p>\r\n                    <a href=\"https:\/\/auto-deutchland.com\/contactez-nous\/\" class=\"pix-button\">Poser une question<\/a>\r\n                <\/div>\r\n\t\t\t<\/div>\r\n\t\t<\/div>\r\n\t\t<\/div><\/div><\/div><\/div><div class=\"wpb_column vc_column_container vc_col-sm-4\"><div class=\"vc_column-inner vc_custom_1545421983821\" ><div class=\"wpb_wrapper\"><div class=\"pix-square pix-has-border pix_shadow_530567997 vc_custom_1777025648039 \" >\r\n\t\t<div class=\"pix-ibox-top pix-text-center\">\r\n            <div class=\"pix-overlay pix-main-color\"><\/div>\r\n            <div class=\"pix-block-content\">\r\n                <div class=\"transparent pix-icon-l pix-icon-color pix-icon-hover\"><div class=\"icon\"><a href=\"https:\/\/auto-deutchland.com\/contactez-nous\/\"><img decoding=\"async\" src=\"https:\/\/auto-deutchland.com\/wp-content\/uploads\/2018\/11\/steering-wheel-3.svg\" alt=\"Service client\"><\/a><\/div><\/div>\r\n                <div class=\"\">\r\n                    <h3>Service client<\/h3>\r\n                    <p>Notre \u00e9quipe est \u00e0 votre \u00e9coute pour vous accompagner \u00e0 chaque \u00e9tape, r\u00e9pondre \u00e0 vos questions et vous offrir une exp\u00e9rience simple et satisfaisante.<\/p>\r\n                    <a href=\"https:\/\/auto-deutchland.com\/contactez-nous\/\" class=\"pix-button\">Poser une question<\/a>\r\n                <\/div>\r\n\t\t\t<\/div>\r\n\t\t<\/div>\r\n\t\t<\/div><\/div><\/div><\/div><\/div><div class=\"vc_row-full-width vc_clearfix\"><\/div><div class=\"nk-awb  nk-awb-after-vc_row \" ><div class=\"nk-awb-wrap\" data-awb-type=\"color\" data-awb-image-background-size=\"cover\" data-awb-image-background-position=\"50% 50%\"><div class=\"nk-awb-overlay\" style=\"background-color: #f7f8f9;\"><\/div><div  class=\"nk-awb-inner\"><\/div><\/div><\/div><div data-vc-full-width=\"true\" data-vc-full-width-init=\"false\" class=\"vc_row wpb_row vc_row-fluid pix-padding-top-l pix-padding-bottom-m text-white-color text-shadow default vc_custom_1563966923357 vc_row-has-fill vc_row-o-content-middle vc_row-flex\"><div class=\"wpb_column vc_column_container vc_col-sm-2 vc_col-xs-7 vc_hidden-xs\"><div class=\"vc_column-inner \" ><div class=\"wpb_wrapper\">\r\n\t<div class=\"pix-section-title pix-l vc_custom_1777024108018 text-left white-heading\">\r\n\t\t<div class=\"pix-pre-title\">Ils nous font confiance<\/div>\r\n\t\t<h2 class=\"pix-title-h2  \">Depuis 2019<span class=\"sep-element\"><\/span><\/h2>\r\n\t\t\r\n\t<\/div>\r\n<\/div><\/div><\/div><div class=\"wpb_column vc_column_container vc_col-sm-10 vc_col-xs-5 vc_hidden-xs\"><div class=\"vc_column-inner vc_custom_1545232444697\" ><div class=\"wpb_wrapper\">\r\n    <div class=\"pix-brand-box owl-carousel owl-theme owl-theme pix-img-greyscale\" data-owl-options='{\"items\":\"8\",\"dots\":false,\"nav\":false,\"loop\":true,\"margin\":70,\"stagePadding\":0,\"navSpeed\":\"1000\",\"dotsSpeed\":\"1000\",\"autoplay\":true,\"autoplaySpeed\":\"1000\",\"autoWidth\":false,\"responsiveClass\":true,\"responsive\":{\"0\":{\"items\":1,\"margin\":0,\"stagePadding\":0,\"autoWidth\":false},\"575\":{\"items\":2,\"margin\":0,\"stagePadding\":0,\"autoWidth\":false},\"1360\":{\"items\":8,\"margin\":70,\"stagePadding\":0,\"autoWidth\":false}},\"navText\":[\"&lt;i class=\\\"icon-arrow-left\\\"&gt;&lt;\\\/i&gt;\",\"&lt;i class=\\\"icon-arrow-right\\\"&gt;&lt;\\\/i&gt;\"]}' >\r\n        \r\n        <div class=\"item pix-logo-img\">\r\n            <a  href=\"\/\"><img decoding=\"async\" src=\"https:\/\/auto-deutchland.com\/wp-content\/uploads\/2018\/12\/ishikawa-japanese-flag-symbol.svg\" alt=\"Renault\"><\/a>\r\n        <\/div>\n\r\n        <div class=\"item pix-logo-img\">\r\n            <a  href=\"\/\"><img decoding=\"async\" src=\"https:\/\/auto-deutchland.com\/wp-content\/uploads\/2018\/12\/fukushima-japan-flag-symbol.svg\" alt=\"Renault\"><\/a>\r\n        <\/div>\n\r\n        <div class=\"item pix-logo-img\">\r\n            <a  href=\"\/\"><img decoding=\"async\" src=\"https:\/\/auto-deutchland.com\/wp-content\/uploads\/2018\/12\/triangle.svg\" alt=\"Renault\"><\/a>\r\n        <\/div>\n\r\n        <div class=\"item pix-logo-img\">\r\n            <a  href=\"\/\"><img decoding=\"async\" src=\"https:\/\/auto-deutchland.com\/wp-content\/uploads\/2018\/12\/icon-2.svg\" alt=\"Renault\"><\/a>\r\n        <\/div>\n\r\n        <div class=\"item pix-logo-img\">\r\n            <a  href=\"\/\"><img decoding=\"async\" src=\"https:\/\/auto-deutchland.com\/wp-content\/uploads\/2018\/12\/hokkaido-japan-flag-symbol.svg\" alt=\"Renault\"><\/a>\r\n        <\/div>\n\r\n        <div class=\"item pix-logo-img\">\r\n            <a  href=\"\/\"><img decoding=\"async\" src=\"https:\/\/auto-deutchland.com\/wp-content\/uploads\/2018\/12\/fukushima-japan-flag-symbol.svg\" alt=\"Renault\"><\/a>\r\n        <\/div>\n\r\n        <div class=\"item pix-logo-img\">\r\n            <a  href=\"\/\"><img decoding=\"async\" src=\"https:\/\/auto-deutchland.com\/wp-content\/uploads\/2018\/12\/triangle.svg\" alt=\"Renault\"><\/a>\r\n        <\/div>\n\r\n        <div class=\"item pix-logo-img\">\r\n            <a  href=\"\/\"><img decoding=\"async\" src=\"https:\/\/auto-deutchland.com\/wp-content\/uploads\/2018\/12\/hokkaido-japan-flag-symbol.svg\" alt=\"Renault\"><\/a>\r\n        <\/div>\n\r\n        <div class=\"item pix-logo-img\">\r\n            <a  href=\"\/\"><img decoding=\"async\" src=\"https:\/\/auto-deutchland.com\/wp-content\/uploads\/2018\/12\/icon-2.svg\" alt=\"Renault\"><\/a>\r\n        <\/div>\r\n    <\/div>\r\n<\/div><\/div><\/div><\/div><div class=\"vc_row-full-width vc_clearfix\"><\/div><div class=\"vc_row wpb_row vc_row-fluid pix-padding-top-l pix-padding-bottom-l default\"><div class=\"wpb_column vc_column_container vc_col-sm-12\"><div class=\"vc_column-inner \" ><div class=\"wpb_wrapper\"><div class=\"wpb_gmaps_widget wpb_content_element vc_map_responsive\"><div class=\"wpb_wrapper\"><div class=\"wpb_map_wraper\"><iframe loading=\"lazy\" src=\"https:\/\/maps.google.com\/maps?q=Eberstra%C3%9Fe20%2C%20Dortmund%2C%20Germany%2C%2044145&#038;t=m&#038;z=10&#038;output=embed&#038;iwloc=near\" title=\"Eberstra\u00dfe20, Dortmund, Germany, 44145\" aria-label=\"Eberstra\u00dfe20, Dortmund, Germany, 44145\" ><\/iframe><\/div><\/div><\/div><\/div><\/div><\/div><\/div>\n<\/div>","protected":false},"excerpt":{"rendered":"Service sous garantie B\u00e9n\u00e9ficiez d\u2019un service apr\u00e8s-vente fiable avec une prise en charge compl\u00e8te sous garantie, pour rouler l\u2019esprit tranquille et en toute s\u00e9curit\u00e9. Poser une question Bonnes pratiques Nous appliquons des standards rigoureux et des m\u00e9thodes \u00e9prouv\u00e9es pour garantir la qualit\u00e9, la s\u00e9curit\u00e9 et la durabilit\u00e9 de chaque v\u00e9hicule. Poser une question Service client [...]","protected":false},"author":1,"featured_media":0,"parent":0,"menu_order":1,"comment_status":"closed","ping_status":"closed","template":"","meta":{"inline_featured_image":false,"footnotes":""},"class_list":["post-804","page","type-page","status-publish","hentry"],"_hostinger_reach_plugin_has_subscription_block":false,"_hostinger_reach_plugin_is_elementor":false,"_links":{"self":[{"href":"https:\/\/auto-deutchland.com\/de\/wp-json\/wp\/v2\/pages\/804","targetHints":{"allow":["GET"]}}],"collection":[{"href":"https:\/\/auto-deutchland.com\/de\/wp-json\/wp\/v2\/pages"}],"about":[{"href":"https:\/\/auto-deutchland.com\/de\/wp-json\/wp\/v2\/types\/page"}],"author":[{"embeddable":true,"href":"https:\/\/auto-deutchland.com\/de\/wp-json\/wp\/v2\/users\/1"}],"replies":[{"embeddable":true,"href":"https:\/\/auto-deutchland.com\/de\/wp-json\/wp\/v2\/comments?post=804"}],"version-history":[{"count":4,"href":"https:\/\/auto-deutchland.com\/de\/wp-json\/wp\/v2\/pages\/804\/revisions"}],"predecessor-version":[{"id":3268,"href":"https:\/\/auto-deutchland.com\/de\/wp-json\/wp\/v2\/pages\/804\/revisions\/3268"}],"wp:attachment":[{"href":"https:\/\/auto-deutchland.com\/de\/wp-json\/wp\/v2\/media?parent=804"}],"curies":[{"name":"wp","href":"https:\/\/api.w.org\/{rel}","templated":true}]}}